{"id":281,"date":"2023-02-13T13:52:19","date_gmt":"2023-02-13T12:52:19","guid":{"rendered":"https:\/\/www.krivosik.cz\/?page_id=281"},"modified":"2023-04-26T22:28:24","modified_gmt":"2023-04-26T20:28:24","slug":"poradenska-a-konzultacni-cinnost-v-oblastech-iso-9001-a-iatf-16949","status":"publish","type":"page","link":"https:\/\/www.krivosik.cz\/index.php\/poradenska-a-konzultacni-cinnost-v-oblastech-iso-9001-a-iatf-16949\/","title":{"rendered":"Konzultant"},"content":{"rendered":"\n<p>Jmenuji se Radim Krivo\u0161\u00edk a v segmentu \u0159\u00edzen\u00ed kvality v automobilov\u00e9m pr\u016fmyslu pracuji ji\u017e v\u00edce ne\u017e patn\u00e1ct let. Z toho deset rok\u016f jsem byl v pozici Mana\u017eer kvality v mezin\u00e1rodn\u00edch v\u00fdrobn\u00edch spole\u010dnostech.<\/p>\n\n\n\n<p>Mohu poradit \u010di pomoci s agendou v oblasti pr\u016fmyslov\u00fdch norem a po\u017eadavk\u016f z\u00e1kazn\u00edk\u016f jako ISO 9001, IATF 16949, VDA, QS2000, specifick\u00fdch po\u017eadavk\u016f z\u00e1kazn\u00edk\u016f a podobn\u011b.<\/p>\n\n\n\n<p>B\u011bhem sv\u00e9ho profesn\u00edho \u017eivota jsem pou\u017e\u00edval r\u016fzn\u00e9 metody pro usnadn\u011bn\u00ed nelehk\u00e9ho \u017eivota kvalit\u00e1\u0159e. Ovl\u00e1d\u00e1m metody zji\u0161\u0165ov\u00e1n\u00ed ko\u0159enov\u00fdch p\u0159\u00ed\u010din jako Ryb\u00ed kost \/ Ishikawa diagram, 5x pro\u010d, 5w2h, 8D a mnoho jin\u00fdch aktivit.<\/p>\n\n\n\n<p>Pro \u0159\u00edzen\u00ed intern\u00edch zlep\u0161ovac\u00edch projekt\u016f se mi nejl\u00e9pe osv\u011bd\u010dila metodika A3, kter\u00e1 je vlastn\u011b jednoduch\u00fdm n\u00e1vodem k veden\u00ed projektu a na prvn\u00ed pohled poskytuje tak\u00e9 p\u0159ehled o jeho stavu.<\/p>\n\n\n\n<p>Pro nav\u00e1z\u00e1n\u00ed spolupr\u00e1ce volejte nebo pi\u0161te na kontakty na str\u00e1nce vpravo.<\/p>\n\n\n\n<p>Radim Krivo\u0161\u00edk<\/p>\n","protected":false},"excerpt":{"rendered":"<p>Jmenuji se Radim Krivo\u0161\u00edk a v segmentu \u0159\u00edzen\u00ed kvality v automobilov\u00e9m pr\u016fmyslu pracuji ji\u017e v\u00edce ne\u017e patn\u00e1ct let. Z toho deset rok\u016f jsem byl v pozici Mana\u017eer kvality v mezin\u00e1rodn\u00edch v\u00fdrobn\u00edch spole\u010dnostech. Mohu poradit \u010di pomoci s agendou v oblasti pr\u016fmyslov\u00fdch norem a po\u017eadavk\u016f z\u00e1kazn\u00edk\u016f jako ISO 9001, IATF 16949,&#8230;<\/p>\n","protected":false},"author":1,"featured_media":0,"parent":0,"menu_order":0,"comment_status":"closed","ping_status":"closed","template":"","meta":{"footnotes":""},"class_list":["post-281","page","type-page","status-publish","hentry"],"jetpack_sharing_enabled":true,"_links":{"self":[{"href":"https:\/\/www.krivosik.cz\/index.php\/wp-json\/wp\/v2\/pages\/281","targetHints":{"allow":["GET"]}}],"collection":[{"href":"https:\/\/www.krivosik.cz\/index.php\/wp-json\/wp\/v2\/pages"}],"about":[{"href":"https:\/\/www.krivosik.cz\/index.php\/wp-json\/wp\/v2\/types\/page"}],"author":[{"embeddable":true,"href":"https:\/\/www.krivosik.cz\/index.php\/wp-json\/wp\/v2\/users\/1"}],"replies":[{"embeddable":true,"href":"https:\/\/www.krivosik.cz\/index.php\/wp-json\/wp\/v2\/comments?post=281"}],"version-history":[{"count":5,"href":"https:\/\/www.krivosik.cz\/index.php\/wp-json\/wp\/v2\/pages\/281\/revisions"}],"predecessor-version":[{"id":352,"href":"https:\/\/www.krivosik.cz\/index.php\/wp-json\/wp\/v2\/pages\/281\/revisions\/352"}],"wp:attachment":[{"href":"https:\/\/www.krivosik.cz\/index.php\/wp-json\/wp\/v2\/media?parent=281"}],"curies":[{"name":"wp","href":"https:\/\/api.w.org\/{rel}","templated":true}]}}