{"id":306,"date":"2023-02-13T16:19:27","date_gmt":"2023-02-13T15:19:27","guid":{"rendered":"https:\/\/www.krivosik.cz\/?page_id=306"},"modified":"2026-02-06T18:55:31","modified_gmt":"2026-02-06T17:55:31","slug":"skoleni-a-certifikaty","status":"publish","type":"page","link":"https:\/\/www.krivosik.cz\/index.php\/skoleni-a-certifikaty\/","title":{"rendered":"Absolvovan\u00e1 \u0161kolen\u00ed a z\u00edskan\u00e9 certifik\u00e1ty"},"content":{"rendered":"\n<figure class=\"wp-block-gallery has-nested-images columns-default is-cropped wp-block-gallery-1 is-layout-flex wp-block-gallery-is-layout-flex\">\n<figure class=\"wp-block-image size-full\"><img loading=\"lazy\" decoding=\"async\" width=\"616\" height=\"873\" data-id=\"379\" src=\"https:\/\/www.krivosik.cz\/wp-content\/uploads\/2024\/10\/eoq2024_mask.png\" alt=\"\" class=\"wp-image-379\" srcset=\"https:\/\/www.krivosik.cz\/wp-content\/uploads\/2024\/10\/eoq2024_mask.png 616w, https:\/\/www.krivosik.cz\/wp-content\/uploads\/2024\/10\/eoq2024_mask-212x300.png 212w\" sizes=\"auto, (max-width: 616px) 100vw, 616px\" \/><figcaption class=\"wp-element-caption\">Evropsk\u00fd certifik\u00e1t Mana\u017eer kvality<\/figcaption><\/figure>\n\n\n\n<figure class=\"wp-block-image size-full\"><img loading=\"lazy\" decoding=\"async\" width=\"615\" height=\"870\" data-id=\"378\" src=\"https:\/\/www.krivosik.cz\/wp-content\/uploads\/2024\/10\/QM2024_mask.png\" alt=\"\" class=\"wp-image-378\" srcset=\"https:\/\/www.krivosik.cz\/wp-content\/uploads\/2024\/10\/QM2024_mask.png 615w, https:\/\/www.krivosik.cz\/wp-content\/uploads\/2024\/10\/QM2024_mask-212x300.png 212w\" sizes=\"auto, (max-width: 615px) 100vw, 615px\" \/><figcaption class=\"wp-element-caption\">N\u00e1rodn\u00ed certifik\u00e1t Mana\u017eer kvality<\/figcaption><\/figure>\n<\/figure>\n\n\n\n<p><\/p>\n\n\n\n<h3 class=\"wp-block-heading\">\u010cSJ v licenci VDA QMC<\/h3>\n\n\n\n<p>2021 Product Safety and Conformity Representative (PSCR) Cert.Number.: 91138<\/p>\n\n\n\n<p>2020 VDA Field Failure Analysis \u2013 User training Cert.Number.: 85758<\/p>\n\n\n\n<p>2017 VDA 6.3 process audit Cert.Number.: 65616<\/p>\n\n\n\n<p>2017 VDA 2, production process and product approval Cert.Number.: 65019<\/p>\n\n\n\n<p>2017 IATF 16949 Qualification for 1<sup>st<\/sup> and 2<sup>nd<\/sup> party auditors Cert.Number.: 70383<\/p>\n\n\n\n<p><\/p>\n\n\n\n<h3 class=\"wp-block-heading\">\u010cesk\u00e1 spole\u010dnost pro jakost<\/h3>\n\n\n\n<p>2025 Konference Dny kvality<\/p>\n\n\n\n<p>2024 Konference Dny kvality<\/p>\n\n\n\n<p>2023 Konference <a rel=\"noreferrer noopener\" href=\"https:\/\/syma.csq.cz\/\" target=\"_blank\">SYMA 2023<\/a><\/p>\n\n\n\n<p>2023 Jak na inovace s EFQM Innovation Lens<\/p>\n\n\n\n<p>2020 Harmonised FMEA<\/p>\n\n\n\n<p>2019 Core tools (APQP, PPAP, SPC, FMEA, MSA)<\/p>\n\n\n\n<p>2018 Quality Manager, personal certification Cert.Number.: 00005\/15RR (EOQ Registration number: 62740)<\/p>\n\n\n\n<p>2017 OEMs specific requirements<\/p>\n\n\n\n<p>2017 Internal auditor ISO 9001<\/p>\n\n\n\n<p>2010 FMEA<\/p>\n\n\n\n<p>2008 Statistical Process Control<\/p>\n\n\n\n<p><\/p>\n\n\n\n<h3 class=\"wp-block-heading\">Certifik\u00e1ty od dal\u0161\u00edch spole\u010dnost\u00ed<\/h3>\n\n\n\n<p>2025 Leteck\u00fd \u00fastav, Opr\u00e1vn\u011bn\u00ed organizace k v\u00fdrob\u011b. \u010c\u00edslo certifik\u00e1tu: LU\/127\/2025<\/p>\n\n\n\n<p>2011 APQP<\/p>\n\n\n\n<p>2010 Global 8D<\/p>\n\n\n\n<p><\/p>\n","protected":false},"excerpt":{"rendered":"<p>\u010cSJ v licenci VDA QMC 2021 Product Safety and Conformity Representative (PSCR) Cert.Number.: 91138 2020 VDA Field Failure Analysis \u2013 User training Cert.Number.: 85758 2017 VDA 6.3 process audit Cert.Number.: 65616 2017 VDA 2, production process and product approval Cert.Number.: 65019 2017 IATF 16949 Qualification for 1st and 2nd party&#8230;<\/p>\n","protected":false},"author":1,"featured_media":0,"parent":0,"menu_order":0,"comment_status":"closed","ping_status":"closed","template":"","meta":{"footnotes":""},"class_list":["post-306","page","type-page","status-publish","hentry"],"jetpack_sharing_enabled":true,"_links":{"self":[{"href":"https:\/\/www.krivosik.cz\/index.php\/wp-json\/wp\/v2\/pages\/306","targetHints":{"allow":["GET"]}}],"collection":[{"href":"https:\/\/www.krivosik.cz\/index.php\/wp-json\/wp\/v2\/pages"}],"about":[{"href":"https:\/\/www.krivosik.cz\/index.php\/wp-json\/wp\/v2\/types\/page"}],"author":[{"embeddable":true,"href":"https:\/\/www.krivosik.cz\/index.php\/wp-json\/wp\/v2\/users\/1"}],"replies":[{"embeddable":true,"href":"https:\/\/www.krivosik.cz\/index.php\/wp-json\/wp\/v2\/comments?post=306"}],"version-history":[{"count":9,"href":"https:\/\/www.krivosik.cz\/index.php\/wp-json\/wp\/v2\/pages\/306\/revisions"}],"predecessor-version":[{"id":388,"href":"https:\/\/www.krivosik.cz\/index.php\/wp-json\/wp\/v2\/pages\/306\/revisions\/388"}],"wp:attachment":[{"href":"https:\/\/www.krivosik.cz\/index.php\/wp-json\/wp\/v2\/media?parent=306"}],"curies":[{"name":"wp","href":"https:\/\/api.w.org\/{rel}","templated":true}]}}