{"id":340,"date":"2023-03-03T16:45:43","date_gmt":"2023-03-03T15:45:43","guid":{"rendered":"https:\/\/www.krivosik.cz\/?page_id=340"},"modified":"2023-03-03T16:45:48","modified_gmt":"2023-03-03T15:45:48","slug":"licence-souboru-v-sekci-ke-stazeni","status":"publish","type":"page","link":"https:\/\/www.krivosik.cz\/index.php\/licence-souboru-v-sekci-ke-stazeni\/","title":{"rendered":"Licence soubor\u016f v sekci ke sta\u017een\u00ed"},"content":{"rendered":"\n<p><a href=\"http:\/\/creativecommons.org\/licenses\/by-nd\/4.0\/\"><\/a><br><\/p>\n\n\n\n<a rel=\"license\" href=\"http:\/\/creativecommons.org\/licenses\/by-nd\/4.0\/\"><img decoding=\"async\" alt=\"Licence Creative Commons\" style=\"border-width:0\" src=\"https:\/\/i.creativecommons.org\/l\/by-nd\/4.0\/88x31.png\" \/><\/a><br \/><span xmlns:dct=\"http:\/\/purl.org\/dc\/terms\/\" href=\"http:\/\/purl.org\/dc\/dcmitype\/Text\" property=\"dct:title\" rel=\"dct:type\">Formul\u00e1\u0159e pro \u0159e\u0161en\u00ed ko\u0159enov\u00e9 p\u0159\u00ed\u010diny<\/span>, jeho\u017e autorem je <a xmlns:cc=\"http:\/\/creativecommons.org\/ns#\" href=\"www.krivosik.cz\" property=\"cc:attributionName\" rel=\"cc:attributionURL\">Radim Krivo\u0161\u00edk<\/a>, podl\u00e9h\u00e1 licenci <a rel=\"license\" href=\"http:\/\/creativecommons.org\/licenses\/by-nd\/4.0\/\">Creative Commons Uve\u010fte p\u016fvod-Nezpracov\u00e1vejte 4.0 Mezin\u00e1rodn\u00ed <\/a>.\n","protected":false},"excerpt":{"rendered":"<p>Formul\u00e1\u0159e pro \u0159e\u0161en\u00ed ko\u0159enov\u00e9 p\u0159\u00ed\u010diny, jeho\u017e autorem je Radim Krivo\u0161\u00edk, podl\u00e9h\u00e1 licenci Creative Commons Uve\u010fte p\u016fvod-Nezpracov\u00e1vejte 4.0 Mezin\u00e1rodn\u00ed .<\/p>\n","protected":false},"author":1,"featured_media":0,"parent":0,"menu_order":0,"comment_status":"closed","ping_status":"closed","template":"","meta":{"footnotes":""},"class_list":["post-340","page","type-page","status-publish","hentry"],"jetpack_sharing_enabled":true,"_links":{"self":[{"href":"https:\/\/www.krivosik.cz\/index.php\/wp-json\/wp\/v2\/pages\/340","targetHints":{"allow":["GET"]}}],"collection":[{"href":"https:\/\/www.krivosik.cz\/index.php\/wp-json\/wp\/v2\/pages"}],"about":[{"href":"https:\/\/www.krivosik.cz\/index.php\/wp-json\/wp\/v2\/types\/page"}],"author":[{"embeddable":true,"href":"https:\/\/www.krivosik.cz\/index.php\/wp-json\/wp\/v2\/users\/1"}],"replies":[{"embeddable":true,"href":"https:\/\/www.krivosik.cz\/index.php\/wp-json\/wp\/v2\/comments?post=340"}],"version-history":[{"count":1,"href":"https:\/\/www.krivosik.cz\/index.php\/wp-json\/wp\/v2\/pages\/340\/revisions"}],"predecessor-version":[{"id":341,"href":"https:\/\/www.krivosik.cz\/index.php\/wp-json\/wp\/v2\/pages\/340\/revisions\/341"}],"wp:attachment":[{"href":"https:\/\/www.krivosik.cz\/index.php\/wp-json\/wp\/v2\/media?parent=340"}],"curies":[{"name":"wp","href":"https:\/\/api.w.org\/{rel}","templated":true}]}}