{"id":347,"date":"2023-04-26T22:29:40","date_gmt":"2023-04-26T20:29:40","guid":{"rendered":"https:\/\/www.krivosik.cz\/?page_id=347"},"modified":"2023-07-16T13:25:31","modified_gmt":"2023-07-16T11:25:31","slug":"poradenska-a-konzultacni-cinnost-v-oblastech-iso-9001-a-iatf-16949-2","status":"publish","type":"page","link":"https:\/\/www.krivosik.cz\/","title":{"rendered":"Poradensk\u00e1 a konzulta\u010dn\u00ed \u010dinnost v oblastech ISO 9001 a IATF 16949"},"content":{"rendered":"\n<ul class=\"wp-block-list\">\n<li><strong>Interim Quality Management<\/strong><br>Pot\u0159ebujete v\u00e9st t\u00fdm kvalit\u00e1\u0159\u016f.<\/li>\n\n\n\n<li><strong>Konzultace p\u0159i zav\u00e1d\u011bn\u00ed nov\u00e9ho standardu.<\/strong><br>Nov\u011b zav\u00e1d\u00edte standard ISO 9001 nebo IATF 16949.<\/li>\n\n\n\n<li><strong>Anal\u00fdza sou\u010dasn\u00e9ho stavu, intern\u00ed audit syst\u00e9mu a n\u00e1vrh \u00faprav va\u0161eho syst\u00e9mu kvality<\/strong>.<br>Certifikaci ji\u017e m\u00e1te, ale c\u00edt\u00edte, \u017ee n\u011bco nen\u00ed v po\u0159\u00e1dku jen nev\u00edte co p\u0159esn\u011b.<\/li>\n\n\n\n<li><strong>\u0160kolen\u00ed pro zlep\u0161en\u00ed intern\u00edch proces\u016f.<\/strong><br>Pot\u0159ebujete doplnit znalosti va\u0161emu t\u00fdmu pracovn\u00edk\u016f.<\/li>\n\n\n\n<li><strong>Podpora p\u0159ed extern\u00edm auditem a nebo nez\u00e1vislou certifikac\u00ed.<\/strong><br>Chyst\u00e1te se na audit syst\u00e9mu nebo audit procesu a nev\u00edte p\u0159esn\u011b, co v\u00e1s \u010dek\u00e1.<\/li>\n\n\n\n<li><strong>Podpora p\u0159i zav\u00e1d\u011bn\u00ed projektov\u00e9ho \u0159\u00edzen\u00ed.<\/strong><br>Chcete rozjet projektov\u00e9 \u0159\u00edzen\u00ed a hled\u00e1te vhodn\u00e9 metodiky pro veden\u00ed projekt\u016f.<\/li>\n<\/ul>\n\n\n\n<h2 class=\"wp-block-heading\"><a href=\"https:\/\/cloud.krivosik.cz\/index.php\/apps\/calendar\/appointment\/3MpacSgMLPa8\">Sjednat sch\u016fzku zde.<\/a><\/h2>\n\n\n\n<p><\/p>\n","protected":false},"excerpt":{"rendered":"<p>Sjednat sch\u016fzku zde.<\/p>\n","protected":false},"author":1,"featured_media":0,"parent":0,"menu_order":0,"comment_status":"closed","ping_status":"closed","template":"","meta":{"footnotes":""},"class_list":["post-347","page","type-page","status-publish","hentry"],"jetpack_sharing_enabled":true,"_links":{"self":[{"href":"https:\/\/www.krivosik.cz\/index.php\/wp-json\/wp\/v2\/pages\/347","targetHints":{"allow":["GET"]}}],"collection":[{"href":"https:\/\/www.krivosik.cz\/index.php\/wp-json\/wp\/v2\/pages"}],"about":[{"href":"https:\/\/www.krivosik.cz\/index.php\/wp-json\/wp\/v2\/types\/page"}],"author":[{"embeddable":true,"href":"https:\/\/www.krivosik.cz\/index.php\/wp-json\/wp\/v2\/users\/1"}],"replies":[{"embeddable":true,"href":"https:\/\/www.krivosik.cz\/index.php\/wp-json\/wp\/v2\/comments?post=347"}],"version-history":[{"count":4,"href":"https:\/\/www.krivosik.cz\/index.php\/wp-json\/wp\/v2\/pages\/347\/revisions"}],"predecessor-version":[{"id":364,"href":"https:\/\/www.krivosik.cz\/index.php\/wp-json\/wp\/v2\/pages\/347\/revisions\/364"}],"wp:attachment":[{"href":"https:\/\/www.krivosik.cz\/index.php\/wp-json\/wp\/v2\/media?parent=347"}],"curies":[{"name":"wp","href":"https:\/\/api.w.org\/{rel}","templated":true}]}}